{"id":3147,"date":"2020-02-04T14:24:00","date_gmt":"2020-02-04T14:24:00","guid":{"rendered":"http:\/\/www.landtechnik-lientschnig.at\/new\/?page_id=3147"},"modified":"2020-09-29T12:01:04","modified_gmt":"2020-09-29T12:01:04","slug":"gebrauchtmarkt","status":"publish","type":"page","link":"https:\/\/www.landtechnik-lientschnig.at\/new\/gebrauchtmarkt\/","title":{"rendered":"Gebrauchtmarkt"},"content":{"rendered":"<p>[vc_row lg_spacing=&#8221;padding_top:100;padding_bottom:50&#8243;][vc_column][tm_heading custom_google_font=&#8221;&#8221; text=&#8221;Hier findest du deinen Neuen Gebrauchten!&#8221; font_size=&#8221;lg:30&#8243;][tm_spacer size=&#8221;lg:25&#8243;][tm_heading tag=&#8221;h5&#8243; custom_google_font=&#8221;&#8221; text_color=&#8221;secondary&#8221; icon_type=&#8221;ion&#8221; icon_ion=&#8221;ion-android-done-all&#8221; icon_color=&#8221;primary&#8221; text=&#8221;Unsere Mitarbeiter sind jederzeit f\u00fcr dich bereit und k\u00f6nnen dir bei deiner Suche helfen!&#8221;][tm_spacer size=&#8221;lg:5&#8243;][tm_heading tag=&#8221;h5&#8243; custom_google_font=&#8221;&#8221; text_color=&#8221;secondary&#8221; icon_type=&#8221;ion&#8221; icon_ion=&#8221;ion-android-done-all&#8221; icon_color=&#8221;primary&#8221; text=&#8221;Wir liefern dir deinen neuen Gebrauchten auch!&#8221;][tm_spacer size=&#8221;lg:5&#8243;][tm_heading tag=&#8221;h5&#8243; custom_google_font=&#8221;&#8221; text_color=&#8221;secondary&#8221; icon_type=&#8221;ion&#8221; icon_ion=&#8221;ion-android-done-all&#8221; icon_color=&#8221;primary&#8221; text=&#8221;Unsere Gebrauchten sind f\u00fcr den Einsatz sofort bereit!&#8221;][tm_spacer size=&#8221;lg:55&#8243;][vc_wp_custom_html]JTVCaWZyYW1lJTIwc3JjJTNEJTIyaHR0cHMlM0ElMkYlMkZ3d3cubGFuZHdpcnQuY29tJTJGZ2VicmF1Y2h0ZSUyRmlmcmFtZS5waHAlM0Z0eXBlJTNEZmlybSUyNnRpZCUzRDMyMTYlMjIlMjB3aWR0aCUzRCUyMjEwMCUyNSUyMiUyMGhlaWdodCUzRCUyMjQ2MDAlMjIlMjBzY3JvbGxpbmclM0QlMjJubyUyMiUyMGFsbG93ZnVsbHNjcmVlbiUzRCUyMmFsbG93ZnVsbHNjcmVlbiUyMiU1RA==[\/vc_wp_custom_html][tm_spacer size=&#8221;lg:25&#8243;][vc_column_text css_animation=&#8221;bounceInLeft&#8221;]<\/p>\n<h4 class=\"vc_custom_heading\" style=\"text-align: center;\">Um Ihren Gebrauchten finanzieren zu k\u00f6nnen versuchen wir gemeinsam eine L\u00f6sung zu finden.<\/h4>\n<div class=\"wpb_text_column wpb_content_element \">\n<div class=\"wpb_wrapper\">\n<h5 style=\"text-align: center;\">Zusammen k\u00f6nnen wir eine M\u00f6glichkeit finden Ihren Neuen wie auch Gebrauchten zu finanzieren.<\/h5>\n<\/div>\n<\/div>\n<p>[\/vc_column_text][\/vc_column][\/vc_row]<\/p>\n","protected":false},"excerpt":{"rendered":"<p>[vc_row lg_spacing=&#8221;padding_top:100;padding_bottom:50&#8243;][vc_column][tm_heading custom_google_font=&#8221;&#8221; text=&#8221;Hier findest du deinen Neuen Gebrauchten!&#8221; font_size=&#8221;lg:30&#8243;][tm_spacer size=&#8221;lg:25&#8243;][tm_heading tag=&#8221;h5&#8243; custom_google_font=&#8221;&#8221; text_color=&#8221;secondary&#8221; icon_type=&#8221;ion&#8221; icon_ion=&#8221;ion-android-done-all&#8221; icon_color=&#8221;primary&#8221; text=&#8221;Unsere Mitarbeiter sind jederzeit f\u00fcr dich bereit und k\u00f6nnen dir bei deiner Suche helfen!&#8221;][tm_spacer size=&#8221;lg:5&#8243;][tm_heading tag=&#8221;h5&#8243; custom_google_font=&#8221;&#8221; text_color=&#8221;secondary&#8221; icon_type=&#8221;ion&#8221; icon_ion=&#8221;ion-android-done-all&#8221; icon_color=&#8221;primary&#8221; text=&#8221;Wir liefern dir deinen neuen Gebrauchten auch!&#8221;][tm_spacer size=&#8221;lg:5&#8243;][tm_heading tag=&#8221;h5&#8243; custom_google_font=&#8221;&#8221; text_color=&#8221;secondary&#8221; icon_type=&#8221;ion&#8221; icon_ion=&#8221;ion-android-done-all&#8221; icon_color=&#8221;primary&#8221; text=&#8221;Unsere Gebrauchten sind f\u00fcr den Einsatz sofort bereit!&#8221;][tm_spacer size=&#8221;lg:55&#8243;][vc_wp_custom_html]JTVCaWZyYW1lJTIwc3JjJTNEJTIyaHR0cHMlM0ElMkYlMkZ3d3cubGFuZHdpcnQuY29tJTJGZ2VicmF1Y2h0ZSUyRmlmcmFtZS5waHAlM0Z0eXBlJTNEZmlybSUyNnRpZCUzRDMyMTYlMjIlMjB3aWR0aCUzRCUyMjEwMCUyNSUyMiUyMGhlaWdodCUzRCUyMjQ2MDAlMjIlMjBzY3JvbGxpbmclM0QlMjJubyUyMiUyMGFsbG93ZnVsbHNjcmVlbiUzRCUyMmFsbG93ZnVsbHNjcmVlbiUyMiU1RA==[\/vc_wp_custom_html][tm_spacer size=&#8221;lg:25&#8243;][vc_column_text css_animation=&#8221;bounceInLeft&#8221;] Um Ihren Gebrauchten finanzieren zu k\u00f6nnen versuchen wir gemeinsam eine L\u00f6sung zu finden. Zusammen k\u00f6nnen wir eine M\u00f6glichkeit finden Ihren Neuen wie auch Gebrauchten zu finanzieren. [\/vc_column_text][\/vc_column][\/vc_row]<\/p>\n","protected":false},"author":2,"featured_media":0,"parent":0,"menu_order":0,"comment_status":"closed","ping_status":"closed","template":"","meta":[],"yoast_head":"<!-- This site is optimized with the Yoast SEO plugin v17.4 - https:\/\/yoast.com\/wordpress\/plugins\/seo\/ -->\n<title>Gebrauchtmarkt - Harald Lientschnig<\/title>\n<meta name=\"robots\" content=\"index, follow, max-snippet:-1, max-image-preview:large, max-video-preview:-1\" \/>\n<link rel=\"canonical\" href=\"https:\/\/www.landtechnik-lientschnig.at\/new\/gebrauchtmarkt\/\" \/>\n<meta property=\"og:locale\" content=\"de_DE\" \/>\n<meta property=\"og:type\" content=\"article\" \/>\n<meta property=\"og:title\" content=\"Gebrauchtmarkt - Harald Lientschnig\" \/>\n<meta property=\"og:description\" content=\"[vc_row lg_spacing=&#8221;padding_top:100;padding_bottom:50&#8243;][vc_column][tm_heading custom_google_font=&#8221;&#8221; text=&#8221;Hier findest du deinen Neuen Gebrauchten!&#8221; font_size=&#8221;lg:30&#8243;][tm_spacer size=&#8221;lg:25&#8243;][tm_heading tag=&#8221;h5&#8243; custom_google_font=&#8221;&#8221; text_color=&#8221;secondary&#8221; icon_type=&#8221;ion&#8221; icon_ion=&#8221;ion-android-done-all&#8221; icon_color=&#8221;primary&#8221; text=&#8221;Unsere Mitarbeiter sind jederzeit f\u00fcr dich bereit und k\u00f6nnen dir bei deiner Suche helfen!&#8221;][tm_spacer size=&#8221;lg:5&#8243;][tm_heading tag=&#8221;h5&#8243; custom_google_font=&#8221;&#8221; text_color=&#8221;secondary&#8221; icon_type=&#8221;ion&#8221; icon_ion=&#8221;ion-android-done-all&#8221; icon_color=&#8221;primary&#8221; text=&#8221;Wir liefern dir deinen neuen Gebrauchten auch!&#8221;][tm_spacer size=&#8221;lg:5&#8243;][tm_heading tag=&#8221;h5&#8243; custom_google_font=&#8221;&#8221; text_color=&#8221;secondary&#8221; icon_type=&#8221;ion&#8221; icon_ion=&#8221;ion-android-done-all&#8221; icon_color=&#8221;primary&#8221; text=&#8221;Unsere Gebrauchten sind f\u00fcr den Einsatz sofort bereit!&#8221;][tm_spacer size=&#8221;lg:55&#8243;][vc_wp_custom_html]JTVCaWZyYW1lJTIwc3JjJTNEJTIyaHR0cHMlM0ElMkYlMkZ3d3cubGFuZHdpcnQuY29tJTJGZ2VicmF1Y2h0ZSUyRmlmcmFtZS5waHAlM0Z0eXBlJTNEZmlybSUyNnRpZCUzRDMyMTYlMjIlMjB3aWR0aCUzRCUyMjEwMCUyNSUyMiUyMGhlaWdodCUzRCUyMjQ2MDAlMjIlMjBzY3JvbGxpbmclM0QlMjJubyUyMiUyMGFsbG93ZnVsbHNjcmVlbiUzRCUyMmFsbG93ZnVsbHNjcmVlbiUyMiU1RA==[\/vc_wp_custom_html][tm_spacer size=&#8221;lg:25&#8243;][vc_column_text css_animation=&#8221;bounceInLeft&#8221;] Um Ihren Gebrauchten finanzieren zu k\u00f6nnen versuchen wir gemeinsam eine L\u00f6sung zu finden. Zusammen k\u00f6nnen wir eine M\u00f6glichkeit finden Ihren Neuen wie auch Gebrauchten zu finanzieren. [\/vc_column_text][\/vc_column][\/vc_row]\" \/>\n<meta property=\"og:url\" content=\"https:\/\/www.landtechnik-lientschnig.at\/new\/gebrauchtmarkt\/\" \/>\n<meta property=\"og:site_name\" content=\"Harald Lientschnig\" \/>\n<meta property=\"article:publisher\" content=\"https:\/\/www.facebook.com\/Landmaschinentechnik-Lientschnig-e-U-1058645004162620\" \/>\n<meta property=\"article:modified_time\" content=\"2020-09-29T12:01:04+00:00\" \/>\n<meta name=\"twitter:card\" content=\"summary_large_image\" \/>\n<meta name=\"twitter:label1\" content=\"Gesch\u00e4tzte Lesezeit\" \/>\n\t<meta name=\"twitter:data1\" content=\"1\u00a0Minute\" \/>\n<script type=\"application\/ld+json\" class=\"yoast-schema-graph\">{\"@context\":\"https:\/\/schema.org\",\"@graph\":[{\"@type\":\"WebSite\",\"@id\":\"https:\/\/www.landtechnik-lientschnig.at\/new\/#website\",\"url\":\"https:\/\/www.landtechnik-lientschnig.at\/new\/\",\"name\":\"Harald Lientschnig\",\"description\":\"Traktoren u. Landmaschinentechnik\",\"potentialAction\":[{\"@type\":\"SearchAction\",\"target\":{\"@type\":\"EntryPoint\",\"urlTemplate\":\"https:\/\/www.landtechnik-lientschnig.at\/new\/?s={search_term_string}\"},\"query-input\":\"required name=search_term_string\"}],\"inLanguage\":\"de\"},{\"@type\":\"WebPage\",\"@id\":\"https:\/\/www.landtechnik-lientschnig.at\/new\/gebrauchtmarkt\/#webpage\",\"url\":\"https:\/\/www.landtechnik-lientschnig.at\/new\/gebrauchtmarkt\/\",\"name\":\"Gebrauchtmarkt - Harald Lientschnig\",\"isPartOf\":{\"@id\":\"https:\/\/www.landtechnik-lientschnig.at\/new\/#website\"},\"datePublished\":\"2020-02-04T14:24:00+00:00\",\"dateModified\":\"2020-09-29T12:01:04+00:00\",\"breadcrumb\":{\"@id\":\"https:\/\/www.landtechnik-lientschnig.at\/new\/gebrauchtmarkt\/#breadcrumb\"},\"inLanguage\":\"de\",\"potentialAction\":[{\"@type\":\"ReadAction\",\"target\":[\"https:\/\/www.landtechnik-lientschnig.at\/new\/gebrauchtmarkt\/\"]}]},{\"@type\":\"BreadcrumbList\",\"@id\":\"https:\/\/www.landtechnik-lientschnig.at\/new\/gebrauchtmarkt\/#breadcrumb\",\"itemListElement\":[{\"@type\":\"ListItem\",\"position\":1,\"name\":\"Startseite\",\"item\":\"https:\/\/www.landtechnik-lientschnig.at\/new\/\"},{\"@type\":\"ListItem\",\"position\":2,\"name\":\"Gebrauchtmarkt\"}]}]}<\/script>\n<!-- \/ Yoast SEO plugin. -->","yoast_head_json":{"title":"Gebrauchtmarkt - Harald Lientschnig","robots":{"index":"index","follow":"follow","max-snippet":"max-snippet:-1","max-image-preview":"max-image-preview:large","max-video-preview":"max-video-preview:-1"},"canonical":"https:\/\/www.landtechnik-lientschnig.at\/new\/gebrauchtmarkt\/","og_locale":"de_DE","og_type":"article","og_title":"Gebrauchtmarkt - Harald Lientschnig","og_description":"[vc_row lg_spacing=&#8221;padding_top:100;padding_bottom:50&#8243;][vc_column][tm_heading custom_google_font=&#8221;&#8221; text=&#8221;Hier findest du deinen Neuen Gebrauchten!&#8221; font_size=&#8221;lg:30&#8243;][tm_spacer size=&#8221;lg:25&#8243;][tm_heading tag=&#8221;h5&#8243; custom_google_font=&#8221;&#8221; text_color=&#8221;secondary&#8221; icon_type=&#8221;ion&#8221; icon_ion=&#8221;ion-android-done-all&#8221; icon_color=&#8221;primary&#8221; text=&#8221;Unsere Mitarbeiter sind jederzeit f\u00fcr dich bereit und k\u00f6nnen dir bei deiner Suche helfen!&#8221;][tm_spacer size=&#8221;lg:5&#8243;][tm_heading tag=&#8221;h5&#8243; custom_google_font=&#8221;&#8221; text_color=&#8221;secondary&#8221; icon_type=&#8221;ion&#8221; icon_ion=&#8221;ion-android-done-all&#8221; icon_color=&#8221;primary&#8221; text=&#8221;Wir liefern dir deinen neuen Gebrauchten auch!&#8221;][tm_spacer size=&#8221;lg:5&#8243;][tm_heading tag=&#8221;h5&#8243; custom_google_font=&#8221;&#8221; text_color=&#8221;secondary&#8221; icon_type=&#8221;ion&#8221; icon_ion=&#8221;ion-android-done-all&#8221; icon_color=&#8221;primary&#8221; text=&#8221;Unsere Gebrauchten sind f\u00fcr den Einsatz sofort bereit!&#8221;][tm_spacer size=&#8221;lg:55&#8243;][vc_wp_custom_html]JTVCaWZyYW1lJTIwc3JjJTNEJTIyaHR0cHMlM0ElMkYlMkZ3d3cubGFuZHdpcnQuY29tJTJGZ2VicmF1Y2h0ZSUyRmlmcmFtZS5waHAlM0Z0eXBlJTNEZmlybSUyNnRpZCUzRDMyMTYlMjIlMjB3aWR0aCUzRCUyMjEwMCUyNSUyMiUyMGhlaWdodCUzRCUyMjQ2MDAlMjIlMjBzY3JvbGxpbmclM0QlMjJubyUyMiUyMGFsbG93ZnVsbHNjcmVlbiUzRCUyMmFsbG93ZnVsbHNjcmVlbiUyMiU1RA==[\/vc_wp_custom_html][tm_spacer size=&#8221;lg:25&#8243;][vc_column_text css_animation=&#8221;bounceInLeft&#8221;] Um Ihren Gebrauchten finanzieren zu k\u00f6nnen versuchen wir gemeinsam eine L\u00f6sung zu finden. Zusammen k\u00f6nnen wir eine M\u00f6glichkeit finden Ihren Neuen wie auch Gebrauchten zu finanzieren. [\/vc_column_text][\/vc_column][\/vc_row]","og_url":"https:\/\/www.landtechnik-lientschnig.at\/new\/gebrauchtmarkt\/","og_site_name":"Harald Lientschnig","article_publisher":"https:\/\/www.facebook.com\/Landmaschinentechnik-Lientschnig-e-U-1058645004162620","article_modified_time":"2020-09-29T12:01:04+00:00","twitter_card":"summary_large_image","twitter_misc":{"Gesch\u00e4tzte Lesezeit":"1\u00a0Minute"},"schema":{"@context":"https:\/\/schema.org","@graph":[{"@type":"WebSite","@id":"https:\/\/www.landtechnik-lientschnig.at\/new\/#website","url":"https:\/\/www.landtechnik-lientschnig.at\/new\/","name":"Harald Lientschnig","description":"Traktoren u. Landmaschinentechnik","potentialAction":[{"@type":"SearchAction","target":{"@type":"EntryPoint","urlTemplate":"https:\/\/www.landtechnik-lientschnig.at\/new\/?s={search_term_string}"},"query-input":"required name=search_term_string"}],"inLanguage":"de"},{"@type":"WebPage","@id":"https:\/\/www.landtechnik-lientschnig.at\/new\/gebrauchtmarkt\/#webpage","url":"https:\/\/www.landtechnik-lientschnig.at\/new\/gebrauchtmarkt\/","name":"Gebrauchtmarkt - Harald Lientschnig","isPartOf":{"@id":"https:\/\/www.landtechnik-lientschnig.at\/new\/#website"},"datePublished":"2020-02-04T14:24:00+00:00","dateModified":"2020-09-29T12:01:04+00:00","breadcrumb":{"@id":"https:\/\/www.landtechnik-lientschnig.at\/new\/gebrauchtmarkt\/#breadcrumb"},"inLanguage":"de","potentialAction":[{"@type":"ReadAction","target":["https:\/\/www.landtechnik-lientschnig.at\/new\/gebrauchtmarkt\/"]}]},{"@type":"BreadcrumbList","@id":"https:\/\/www.landtechnik-lientschnig.at\/new\/gebrauchtmarkt\/#breadcrumb","itemListElement":[{"@type":"ListItem","position":1,"name":"Startseite","item":"https:\/\/www.landtechnik-lientschnig.at\/new\/"},{"@type":"ListItem","position":2,"name":"Gebrauchtmarkt"}]}]}},"_links":{"self":[{"href":"https:\/\/www.landtechnik-lientschnig.at\/new\/wp-json\/wp\/v2\/pages\/3147"}],"collection":[{"href":"https:\/\/www.landtechnik-lientschnig.at\/new\/wp-json\/wp\/v2\/pages"}],"about":[{"href":"https:\/\/www.landtechnik-lientschnig.at\/new\/wp-json\/wp\/v2\/types\/page"}],"author":[{"embeddable":true,"href":"https:\/\/www.landtechnik-lientschnig.at\/new\/wp-json\/wp\/v2\/users\/2"}],"replies":[{"embeddable":true,"href":"https:\/\/www.landtechnik-lientschnig.at\/new\/wp-json\/wp\/v2\/comments?post=3147"}],"version-history":[{"count":51,"href":"https:\/\/www.landtechnik-lientschnig.at\/new\/wp-json\/wp\/v2\/pages\/3147\/revisions"}],"predecessor-version":[{"id":6044,"href":"https:\/\/www.landtechnik-lientschnig.at\/new\/wp-json\/wp\/v2\/pages\/3147\/revisions\/6044"}],"wp:attachment":[{"href":"https:\/\/www.landtechnik-lientschnig.at\/new\/wp-json\/wp\/v2\/media?parent=3147"}],"curies":[{"name":"wp","href":"https:\/\/api.w.org\/{rel}","templated":true}]}}