{"id":6290,"date":"2021-10-18T13:57:53","date_gmt":"2021-10-18T13:57:53","guid":{"rendered":"https:\/\/www.landtechnik-lientschnig.at\/new\/?page_id=6290"},"modified":"2024-11-21T17:39:04","modified_gmt":"2024-11-21T17:39:04","slug":"jobs","status":"publish","type":"page","link":"https:\/\/www.landtechnik-lientschnig.at\/new\/jobs\/","title":{"rendered":"Jobs"},"content":{"rendered":"\n<div class=\"wp-block-columns\">\n<div class=\"wp-block-column\">\n<div class=\"wp-block-image\"><figure class=\"aligncenter size-large\"><img loading=\"lazy\" width=\"1030\" height=\"274\" src=\"https:\/\/www.landtechnik-lientschnig.at\/new\/wp-content\/uploads\/2021\/11\/Lientschnig-Logo_Kopf-1030x274.png\" alt=\"\" class=\"wp-image-6309\" srcset=\"https:\/\/www.landtechnik-lientschnig.at\/new\/wp-content\/uploads\/2021\/11\/Lientschnig-Logo_Kopf-1030x274.png 1030w, https:\/\/www.landtechnik-lientschnig.at\/new\/wp-content\/uploads\/2021\/11\/Lientschnig-Logo_Kopf-300x80.png 300w, https:\/\/www.landtechnik-lientschnig.at\/new\/wp-content\/uploads\/2021\/11\/Lientschnig-Logo_Kopf-768x205.png 768w, https:\/\/www.landtechnik-lientschnig.at\/new\/wp-content\/uploads\/2021\/11\/Lientschnig-Logo_Kopf.png 1397w\" sizes=\"(max-width: 1030px) 100vw, 1030px\" \/><\/figure><\/div>\n\n\n\n<h2 class=\"has-text-align-center\"><strong>Wir Suchen:<\/strong><\/h2>\n\n\n\n<div id=\"block-8a8f78-263f-41\" class=\"wp-block-gutenbee-accordion block-8a8f78-263f-41\" data-collapse-others=\"true\"><div class=\"wp-block-gutenbee-accordion-item\"><div class=\"wp-block-gutenbee-accordion-item-title\">Reinigungskraft <\/div><div class=\"wp-block-gutenbee-accordion-item-content-wrap\"><div class=\"wp-block-gutenbee-accordion-item-content\"><p class=\"wp-block-gutenbee-accordion-item-text\"><strong><span class=\"has-inline-color has-vivid-red-color\">Anforderungen: <\/span><\/strong><br><br>Motivation unser Team tatkr\u00e4ftig zu unterst\u00fctzen<br><br><span class=\"has-inline-color has-vivid-red-color\"><em><strong>Bei Interesse bitte um Bewerbung schriftlich oder per E-Mail an:<\/strong><\/em><\/span><br><br><span class=\"has-inline-color has-vivid-red-color\">Traktoren und Landmaschinentechnik<br>Harald Lientschnig e.U.<br>K\u00e4rntnerstra\u00dfe 9<br>9601 Arnoldstein<br>Tel: 04255\/2486 Fax DW 4<br>Mobil: 0664\/2601767<br><a href=\"mailto:h.lientschnig@aon.at\"><strong>office@landtechnik-lientschnig.at<\/strong><\/a><br><a href=\"http:\/\/www.landtechnik-lientschnig.at\">www.landtechnik-lientschnig.at<\/a><\/span><br><br><\/p><\/div><\/div><\/div><\/div>\n\n\n\n<p class=\"has-text-align-center\" style=\"font-size:30px\"><strong><strong>Wir bieten:<\/strong><\/strong><\/p>\n\n\n\n<p class=\"has-text-align-center has-normal-font-size\">langfristige Mitarbeit<br>ein abwechslungsreiches und interessantes Aufgabengebiet<br>sicherer Arbeitsplatz in einer krisensicheren Branche<br>freundschaftliches, kollegiales Arbeitsklima mit Teamgeist<br>famili\u00e4res Umfeld und angenehme Arbeitsatmosph\u00e4re<br>einen modernen Arbeitsplatz<\/p>\n\n\n\n<p class=\"has-text-align-center\" style=\"font-size:18px\"><strong><em>Entlohnung lt. Kollektivvertrag, je nach Berufserfahrung und Qualifikation besteht die Bereitschaft einer \u00dcberzahlung.<\/em><\/strong><\/p>\n<\/div>\n<\/div>\n\n\n\n<div class=\"wp-block-contact-form-7-contact-form-selector\"><div role=\"form\" class=\"wpcf7\" id=\"wpcf7-f2982-o1\" lang=\"en-US\" dir=\"ltr\">\n<div class=\"screen-reader-response\"><p role=\"status\" aria-live=\"polite\" aria-atomic=\"true\"><\/p> <ul><\/ul><\/div>\n<form action=\"\/new\/wp-json\/wp\/v2\/pages\/6290#wpcf7-f2982-o1\" method=\"post\" class=\"wpcf7-form init\" novalidate=\"novalidate\" data-status=\"init\">\n<div style=\"display: none;\">\n<input type=\"hidden\" name=\"_wpcf7\" value=\"2982\" \/>\n<input type=\"hidden\" name=\"_wpcf7_version\" value=\"5.5.4\" \/>\n<input type=\"hidden\" name=\"_wpcf7_locale\" value=\"en_US\" \/>\n<input type=\"hidden\" name=\"_wpcf7_unit_tag\" value=\"wpcf7-f2982-o1\" \/>\n<input type=\"hidden\" name=\"_wpcf7_container_post\" value=\"0\" \/>\n<input type=\"hidden\" name=\"_wpcf7_posted_data_hash\" value=\"\" \/>\n<\/div>\n<div class=\"row\">\n<div class=\"col-md-6\">\n        <span class=\"wpcf7-form-control-wrap your-name\"><input type=\"text\" name=\"your-name\" value=\"\" size=\"40\" class=\"wpcf7-form-control wpcf7-text wpcf7-validates-as-required\" aria-required=\"true\" aria-invalid=\"false\" placeholder=\"Name *\" \/><\/span>\n    <\/div>\n<div class=\"col-md-6\">\n        <span class=\"wpcf7-form-control-wrap your-email\"><input type=\"email\" name=\"your-email\" value=\"\" size=\"40\" class=\"wpcf7-form-control wpcf7-text wpcf7-email wpcf7-validates-as-required wpcf7-validates-as-email\" aria-required=\"true\" aria-invalid=\"false\" placeholder=\"E-Mail Adresse *\" \/><\/span>\n    <\/div>\n<\/div>\n<div class=\"row\">\n<div class=\"col-md-12\">\n        <span class=\"wpcf7-form-control-wrap phone-number\"><input type=\"tel\" name=\"phone-number\" value=\"\" size=\"40\" class=\"wpcf7-form-control wpcf7-text wpcf7-tel wpcf7-validates-as-tel\" aria-invalid=\"false\" placeholder=\"Telefonnummer\" \/><\/span><br \/>\n        <span class=\"wpcf7-form-control-wrap your-message\"><textarea name=\"your-message\" cols=\"40\" rows=\"10\" class=\"wpcf7-form-control wpcf7-textarea\" aria-invalid=\"false\" placeholder=\"Nachricht\"><\/textarea><\/span>\n    <\/div>\n<\/div>\n<div class=\"row\">\n<div class=\"col-md-3\"><input type=\"submit\" value=\"Anfrage senden\" class=\"wpcf7-form-control has-spinner wpcf7-submit\" \/><\/div>\n<div class=\"col-md-9\"><span class=\"wpcf7-form-control-wrap acceptance-501\"><span class=\"wpcf7-form-control wpcf7-acceptance optional\"><span class=\"wpcf7-list-item\"><label><input type=\"checkbox\" name=\"acceptance-501\" value=\"1\" aria-invalid=\"false\" \/><span class=\"wpcf7-list-item-label\">Ich stimme den Bedingungen zu, die in der Datenschutzerkl\u00e4rung dargelegt sind.<br>Wir verarbeiten Ihre eingegebenen personenbezogenen Daten ausschlie\u00dflich f\u00fcr die Beantwortung bzw. Verarbeitung Ihrer Anfrage. *<\/span><\/label><\/span><\/span><\/span><\/div>\n<\/div>\n<div class=\"wpcf7-response-output\" aria-hidden=\"true\"><\/div><\/form><\/div><\/div>\n\n\n\n<p><\/p>\n","protected":false},"excerpt":{"rendered":"<p>Wir Suchen: Wir bieten: langfristige Mitarbeitein abwechslungsreiches und interessantes Aufgabengebietsicherer Arbeitsplatz in einer krisensicheren Branchefreundschaftliches, kollegiales Arbeitsklima mit Teamgeistfamili\u00e4res Umfeld und angenehme Arbeitsatmosph\u00e4reeinen modernen Arbeitsplatz Entlohnung lt. Kollektivvertrag, je nach Berufserfahrung und Qualifikation besteht die Bereitschaft einer \u00dcberzahlung.<\/p>\n","protected":false},"author":4,"featured_media":0,"parent":0,"menu_order":0,"comment_status":"closed","ping_status":"closed","template":"","meta":[],"yoast_head":"<!-- This site is optimized with the Yoast SEO plugin v17.4 - https:\/\/yoast.com\/wordpress\/plugins\/seo\/ -->\n<title>Jobs - Harald Lientschnig<\/title>\n<meta name=\"robots\" content=\"index, follow, max-snippet:-1, max-image-preview:large, max-video-preview:-1\" \/>\n<link rel=\"canonical\" href=\"https:\/\/www.landtechnik-lientschnig.at\/new\/jobs\/\" \/>\n<meta property=\"og:locale\" content=\"de_DE\" \/>\n<meta property=\"og:type\" content=\"article\" \/>\n<meta property=\"og:title\" content=\"Jobs - Harald Lientschnig\" \/>\n<meta property=\"og:description\" content=\"Wir Suchen: Wir bieten: langfristige Mitarbeitein abwechslungsreiches und interessantes Aufgabengebietsicherer Arbeitsplatz in einer krisensicheren Branchefreundschaftliches, kollegiales Arbeitsklima mit Teamgeistfamili\u00e4res Umfeld und angenehme Arbeitsatmosph\u00e4reeinen modernen Arbeitsplatz Entlohnung lt. Kollektivvertrag, je nach Berufserfahrung und Qualifikation besteht die Bereitschaft einer \u00dcberzahlung.\" \/>\n<meta property=\"og:url\" content=\"https:\/\/www.landtechnik-lientschnig.at\/new\/jobs\/\" \/>\n<meta property=\"og:site_name\" content=\"Harald Lientschnig\" \/>\n<meta property=\"article:publisher\" content=\"https:\/\/www.facebook.com\/Landmaschinentechnik-Lientschnig-e-U-1058645004162620\" \/>\n<meta property=\"article:modified_time\" content=\"2024-11-21T17:39:04+00:00\" \/>\n<meta property=\"og:image\" content=\"https:\/\/www.landtechnik-lientschnig.at\/new\/wp-content\/uploads\/2021\/11\/Lientschnig-Logo_Kopf-1030x274.png\" \/>\n<meta name=\"twitter:card\" content=\"summary_large_image\" \/>\n<meta name=\"twitter:label1\" content=\"Gesch\u00e4tzte Lesezeit\" \/>\n\t<meta name=\"twitter:data1\" content=\"1\u00a0Minute\" \/>\n<script type=\"application\/ld+json\" class=\"yoast-schema-graph\">{\"@context\":\"https:\/\/schema.org\",\"@graph\":[{\"@type\":\"WebSite\",\"@id\":\"https:\/\/www.landtechnik-lientschnig.at\/new\/#website\",\"url\":\"https:\/\/www.landtechnik-lientschnig.at\/new\/\",\"name\":\"Harald Lientschnig\",\"description\":\"Traktoren u. Landmaschinentechnik\",\"potentialAction\":[{\"@type\":\"SearchAction\",\"target\":{\"@type\":\"EntryPoint\",\"urlTemplate\":\"https:\/\/www.landtechnik-lientschnig.at\/new\/?s={search_term_string}\"},\"query-input\":\"required name=search_term_string\"}],\"inLanguage\":\"de\"},{\"@type\":\"ImageObject\",\"@id\":\"https:\/\/www.landtechnik-lientschnig.at\/new\/jobs\/#primaryimage\",\"inLanguage\":\"de\",\"url\":\"https:\/\/www.landtechnik-lientschnig.at\/new\/wp-content\/uploads\/2021\/11\/Lientschnig-Logo_Kopf.png\",\"contentUrl\":\"https:\/\/www.landtechnik-lientschnig.at\/new\/wp-content\/uploads\/2021\/11\/Lientschnig-Logo_Kopf.png\",\"width\":1397,\"height\":372},{\"@type\":\"WebPage\",\"@id\":\"https:\/\/www.landtechnik-lientschnig.at\/new\/jobs\/#webpage\",\"url\":\"https:\/\/www.landtechnik-lientschnig.at\/new\/jobs\/\",\"name\":\"Jobs - Harald Lientschnig\",\"isPartOf\":{\"@id\":\"https:\/\/www.landtechnik-lientschnig.at\/new\/#website\"},\"primaryImageOfPage\":{\"@id\":\"https:\/\/www.landtechnik-lientschnig.at\/new\/jobs\/#primaryimage\"},\"datePublished\":\"2021-10-18T13:57:53+00:00\",\"dateModified\":\"2024-11-21T17:39:04+00:00\",\"breadcrumb\":{\"@id\":\"https:\/\/www.landtechnik-lientschnig.at\/new\/jobs\/#breadcrumb\"},\"inLanguage\":\"de\",\"potentialAction\":[{\"@type\":\"ReadAction\",\"target\":[\"https:\/\/www.landtechnik-lientschnig.at\/new\/jobs\/\"]}]},{\"@type\":\"BreadcrumbList\",\"@id\":\"https:\/\/www.landtechnik-lientschnig.at\/new\/jobs\/#breadcrumb\",\"itemListElement\":[{\"@type\":\"ListItem\",\"position\":1,\"name\":\"Startseite\",\"item\":\"https:\/\/www.landtechnik-lientschnig.at\/new\/\"},{\"@type\":\"ListItem\",\"position\":2,\"name\":\"Jobs\"}]}]}<\/script>\n<!-- \/ Yoast SEO plugin. -->","yoast_head_json":{"title":"Jobs - Harald Lientschnig","robots":{"index":"index","follow":"follow","max-snippet":"max-snippet:-1","max-image-preview":"max-image-preview:large","max-video-preview":"max-video-preview:-1"},"canonical":"https:\/\/www.landtechnik-lientschnig.at\/new\/jobs\/","og_locale":"de_DE","og_type":"article","og_title":"Jobs - Harald Lientschnig","og_description":"Wir Suchen: Wir bieten: langfristige Mitarbeitein abwechslungsreiches und interessantes Aufgabengebietsicherer Arbeitsplatz in einer krisensicheren Branchefreundschaftliches, kollegiales Arbeitsklima mit Teamgeistfamili\u00e4res Umfeld und angenehme Arbeitsatmosph\u00e4reeinen modernen Arbeitsplatz Entlohnung lt. Kollektivvertrag, je nach Berufserfahrung und Qualifikation besteht die Bereitschaft einer \u00dcberzahlung.","og_url":"https:\/\/www.landtechnik-lientschnig.at\/new\/jobs\/","og_site_name":"Harald Lientschnig","article_publisher":"https:\/\/www.facebook.com\/Landmaschinentechnik-Lientschnig-e-U-1058645004162620","article_modified_time":"2024-11-21T17:39:04+00:00","og_image":[{"url":"https:\/\/www.landtechnik-lientschnig.at\/new\/wp-content\/uploads\/2021\/11\/Lientschnig-Logo_Kopf-1030x274.png"}],"twitter_card":"summary_large_image","twitter_misc":{"Gesch\u00e4tzte Lesezeit":"1\u00a0Minute"},"schema":{"@context":"https:\/\/schema.org","@graph":[{"@type":"WebSite","@id":"https:\/\/www.landtechnik-lientschnig.at\/new\/#website","url":"https:\/\/www.landtechnik-lientschnig.at\/new\/","name":"Harald Lientschnig","description":"Traktoren u. Landmaschinentechnik","potentialAction":[{"@type":"SearchAction","target":{"@type":"EntryPoint","urlTemplate":"https:\/\/www.landtechnik-lientschnig.at\/new\/?s={search_term_string}"},"query-input":"required name=search_term_string"}],"inLanguage":"de"},{"@type":"ImageObject","@id":"https:\/\/www.landtechnik-lientschnig.at\/new\/jobs\/#primaryimage","inLanguage":"de","url":"https:\/\/www.landtechnik-lientschnig.at\/new\/wp-content\/uploads\/2021\/11\/Lientschnig-Logo_Kopf.png","contentUrl":"https:\/\/www.landtechnik-lientschnig.at\/new\/wp-content\/uploads\/2021\/11\/Lientschnig-Logo_Kopf.png","width":1397,"height":372},{"@type":"WebPage","@id":"https:\/\/www.landtechnik-lientschnig.at\/new\/jobs\/#webpage","url":"https:\/\/www.landtechnik-lientschnig.at\/new\/jobs\/","name":"Jobs - Harald Lientschnig","isPartOf":{"@id":"https:\/\/www.landtechnik-lientschnig.at\/new\/#website"},"primaryImageOfPage":{"@id":"https:\/\/www.landtechnik-lientschnig.at\/new\/jobs\/#primaryimage"},"datePublished":"2021-10-18T13:57:53+00:00","dateModified":"2024-11-21T17:39:04+00:00","breadcrumb":{"@id":"https:\/\/www.landtechnik-lientschnig.at\/new\/jobs\/#breadcrumb"},"inLanguage":"de","potentialAction":[{"@type":"ReadAction","target":["https:\/\/www.landtechnik-lientschnig.at\/new\/jobs\/"]}]},{"@type":"BreadcrumbList","@id":"https:\/\/www.landtechnik-lientschnig.at\/new\/jobs\/#breadcrumb","itemListElement":[{"@type":"ListItem","position":1,"name":"Startseite","item":"https:\/\/www.landtechnik-lientschnig.at\/new\/"},{"@type":"ListItem","position":2,"name":"Jobs"}]}]}},"_links":{"self":[{"href":"https:\/\/www.landtechnik-lientschnig.at\/new\/wp-json\/wp\/v2\/pages\/6290"}],"collection":[{"href":"https:\/\/www.landtechnik-lientschnig.at\/new\/wp-json\/wp\/v2\/pages"}],"about":[{"href":"https:\/\/www.landtechnik-lientschnig.at\/new\/wp-json\/wp\/v2\/types\/page"}],"author":[{"embeddable":true,"href":"https:\/\/www.landtechnik-lientschnig.at\/new\/wp-json\/wp\/v2\/users\/4"}],"replies":[{"embeddable":true,"href":"https:\/\/www.landtechnik-lientschnig.at\/new\/wp-json\/wp\/v2\/comments?post=6290"}],"version-history":[{"count":21,"href":"https:\/\/www.landtechnik-lientschnig.at\/new\/wp-json\/wp\/v2\/pages\/6290\/revisions"}],"predecessor-version":[{"id":6824,"href":"https:\/\/www.landtechnik-lientschnig.at\/new\/wp-json\/wp\/v2\/pages\/6290\/revisions\/6824"}],"wp:attachment":[{"href":"https:\/\/www.landtechnik-lientschnig.at\/new\/wp-json\/wp\/v2\/media?parent=6290"}],"curies":[{"name":"wp","href":"https:\/\/api.w.org\/{rel}","templated":true}]}}